{"id":15,"date":"2024-10-28T14:49:56","date_gmt":"2024-10-28T14:49:56","guid":{"rendered":"https:\/\/dummy.xtemos.com\/woodmart2\/makeup-gutenberg\/?page_id=15"},"modified":"2025-05-04T19:48:24","modified_gmt":"2025-05-04T19:48:24","slug":"home-makeup","status":"publish","type":"page","link":"https:\/\/sminternational.com.tr\/","title":{"rendered":"Anasayfa"},"content":{"rendered":"\n<div id=\"wd-175ab336\" class=\"wp-block-wd-row\">\n<div id=\"wd-e4b3f881\" class=\"wp-block-wd-column wd-hide-md-sm wd-hide-sm\">\n\t\t\t<div id=\"wd-2960313f\" class=\"wd-menu widget_nav_mega_menu\">\n\n\t\t\t\t\n\t\t\t\t<ul id=\"menu-main-navigation\" class=\"menu wd-nav wd-nav-vertical wd-design-simple wd-gap-m wd-icon-right\"><li id=\"menu-item-321\" class=\"menu-item menu-item-type-post_type menu-item-object-page menu-item-home menu-item-321 item-level-0 menu-simple-dropdown wd-event-hover\" ><a href=\"https:\/\/sminternational.com.tr\/\" class=\"woodmart-nav-link\"><span class=\"nav-link-text\">Ana Sayfa<\/span><\/a><\/li>\n<li id=\"menu-item-394\" class=\"menu-item menu-item-type-post_type menu-item-object-page menu-item-394 item-level-0 menu-simple-dropdown wd-event-hover\" ><a href=\"https:\/\/sminternational.com.tr\/?page_id=316\" class=\"woodmart-nav-link\"><span class=\"nav-link-text\">Ma\u011faza<\/span><\/a><\/li>\n<li id=\"menu-item-268\" class=\"menu-item menu-item-type-post_type menu-item-object-page menu-item-268 item-level-0 menu-simple-dropdown wd-event-hover\" ><a href=\"https:\/\/sminternational.com.tr\/?page_id=64\" class=\"woodmart-nav-link\"><span class=\"nav-link-text\">Hakk\u0131m\u0131zda<\/span><\/a><\/li>\n<li id=\"menu-item-269\" class=\"menu-item menu-item-type-post_type menu-item-object-page menu-item-269 item-level-0 menu-simple-dropdown wd-event-hover\" ><a href=\"https:\/\/sminternational.com.tr\/?page_id=66\" class=\"woodmart-nav-link\"><span class=\"nav-link-text\">\u0130leti\u015fim<\/span><\/a><\/li>\n<\/ul>\n\t\t\t\t\t\t\t<\/div>\n\t\t<\/div>\n\n\n\n<div id=\"wd-56a7bd56\" class=\"wp-block-wd-column\">\n<div id=\"wd-634338af\" class=\"wp-block-wd-slider wd-slider wd-carousel-container wd-anim-slide\"><div class=\"wd-carousel-inner\"><div class=\"wd-carousel wd-grid\" data-effect=\"slide\" data-wrap=\"yes\" data-autoheight=\"yes\" data-sliding_speed=\"700\" style=\"--wd-col-lg:1;--wd-col-md:1;--wd-col-sm:1;\" data-autoplay=\"yes\" data-speed=\"25000\"><div class=\"wd-carousel-wrap\">\n<div id=\"wd-c373f998\" class=\"wp-block-wd-slider-item wd-slide wd-carousel-item color-scheme-light wd-bg-parent\"><div class=\"wd-bg-overlay\"><\/div><div class=\"wd-slide-container\">\n<h2 id=\"wd-f28d91e2\" class=\"wp-block-wd-title title wd-custom-width\">Eye Patches With Chamomile Extract<\/h2>\n\n\n\n<p id=\"wd-d7186399\" class=\"wp-block-wd-paragraph wd-custom-width\">In particular, this pack comes with two different size patches to fit various types of blemishes. Perfect for a targeted application, you just need to take a patch, apply it directly to the blemish.<\/p>\n\n\n\n<a id=\"wd-c19873e4\" class=\"wp-block-wd-button btn btn-style-default btn-color-primary btn-size-default btn-shape-round\" href=\"#\"><span>Shop Now<\/span><\/a>\n<\/div><div class=\"wd-slide-bg wd-fill\"><\/div><\/div>\n\n\n\n<div id=\"wd-53b9d841\" class=\"wp-block-wd-slider-item wd-slide wd-carousel-item color-scheme-light wd-bg-parent\"><div class=\"wd-bg-overlay\"><\/div><div class=\"wd-slide-container\">\n<h2 id=\"wd-c96ea261\" class=\"wp-block-wd-title title wd-custom-width\">Best Cleansing Oil for Oily Skin<\/h2>\n\n\n\n<p id=\"wd-6a713491\" class=\"wp-block-wd-paragraph wd-custom-width\">Perfect for a targeted application, you just need to take a patch, apply it directly to the blemish.<\/p>\n\n\n\n<a id=\"wd-70d4d379\" class=\"wp-block-wd-button btn btn-style-default btn-color-primary btn-size-default btn-shape-round\" href=\"#\"><span>Shop Now<\/span><\/a>\n<\/div><div class=\"wd-slide-bg wd-fill\"><\/div><\/div>\n\n\n\n<div id=\"wd-395328c2\" class=\"wp-block-wd-slider-item wd-slide wd-carousel-item color-scheme-light wd-bg-parent\"><div class=\"wd-bg-overlay\"><\/div><div class=\"wd-slide-container\">\n<h2 id=\"wd-d436554b\" class=\"wp-block-wd-title title wd-custom-width\">New Sunscreen for The Body and Face<\/h2>\n\n\n\n<p id=\"wd-03023fc7\" class=\"wp-block-wd-paragraph\">In particular, this pack comes with two different size patches to fit various.<\/p>\n\n\n\n<a id=\"wd-832d8b3b\" class=\"wp-block-wd-button btn btn-style-default btn-color-primary btn-size-default btn-shape-round\" href=\"#\"><span>Daha Fazlas\u0131n\u0131 G\u00f6r<\/span><\/a>\n<\/div><div class=\"wd-slide-bg wd-fill\"><\/div><\/div>\n<\/div><\/div><\/div><\/div>\n<\/div>\n<\/div>\n\n\n\n\n\n<h2 id=\"wd-658fa415\" class=\"wp-block-wd-title title\">\u00dcr\u00fcn Kategorilerimiz<\/h2>\n\n\n\n\n\n<div id=\"wd-05b4fdb7\" class=\"wp-block-wd-container wd-dir-row wd-align-is-lg-center\">\n<h2 id=\"wd-518b512a\" class=\"wp-block-wd-title title\">En Yeniler<\/h2>\n\n\n\n<a id=\"wd-2fcf2d52\" class=\"wp-block-wd-button btn btn-style-default btn-color-primary btn-size-default btn-shape-round btn-icon-pos-right\" href=\"#\"><span>Daha Fazlas\u0131<\/span>\n<div id=\"wd-bfd30e02\" class=\"wp-block-wd-icon\"><img decoding=\"async\" class=\"wp-image-206\" src=\"https:\/\/sminternational.com.tr\/wp-content\/uploads\/2024\/10\/Icon.svg\" alt=\"test\"\/><\/div>\n<\/a>\n<\/div>\n\n\n","protected":false},"excerpt":{"rendered":"","protected":false},"author":1,"featured_media":0,"parent":0,"menu_order":0,"comment_status":"closed","ping_status":"closed","template":"","meta":{"footnotes":""},"class_list":["post-15","page","type-page","status-publish","hentry"],"_links":{"self":[{"href":"https:\/\/sminternational.com.tr\/index.php?rest_route=\/wp\/v2\/pages\/15","targetHints":{"allow":["GET"]}}],"collection":[{"href":"https:\/\/sminternational.com.tr\/index.php?rest_route=\/wp\/v2\/pages"}],"about":[{"href":"https:\/\/sminternational.com.tr\/index.php?rest_route=\/wp\/v2\/types\/page"}],"author":[{"embeddable":true,"href":"https:\/\/sminternational.com.tr\/index.php?rest_route=\/wp\/v2\/users\/1"}],"replies":[{"embeddable":true,"href":"https:\/\/sminternational.com.tr\/index.php?rest_route=%2Fwp%2Fv2%2Fcomments&post=15"}],"version-history":[{"count":5,"href":"https:\/\/sminternational.com.tr\/index.php?rest_route=\/wp\/v2\/pages\/15\/revisions"}],"predecessor-version":[{"id":345,"href":"https:\/\/sminternational.com.tr\/index.php?rest_route=\/wp\/v2\/pages\/15\/revisions\/345"}],"wp:attachment":[{"href":"https:\/\/sminternational.com.tr\/index.php?rest_route=%2Fwp%2Fv2%2Fmedia&parent=15"}],"curies":[{"name":"wp","href":"https:\/\/api.w.org\/{rel}","templated":true}]}}