{"id":66,"date":"2024-10-28T14:50:40","date_gmt":"2024-10-28T14:50:40","guid":{"rendered":"https:\/\/dummy.xtemos.com\/woodmart2\/makeup-gutenberg\/?page_id=66"},"modified":"2025-05-04T17:40:10","modified_gmt":"2025-05-04T17:40:10","slug":"contact-us","status":"publish","type":"page","link":"https:\/\/sminternational.com.tr\/?page_id=66","title":{"rendered":"\u0130leti\u015fim"},"content":{"rendered":"\n<div id=\"wd-62804929\" class=\"wp-block-wd-open-street-map wd-map-container wd-osm-map-container\"><div id=\"wd-osm-map-62804929-d3e7-4be1-a301-dbdf29c37441\" class=\"wd-osm-map-wrapper wd-map-wrapper\" data-settings=\"{&quot;zoom&quot;:13,&quot;scrollWheelZoom&quot;:&quot;no&quot;,&quot;zoomControl&quot;:&quot;yes&quot;,&quot;dragging&quot;:&quot;yes&quot;,&quot;init_type&quot;:&quot;page_load&quot;,&quot;init_offset&quot;:100,&quot;geoapify_tile&quot;:&quot;osm-carto&quot;,&quot;center&quot;:&quot;41.03778596660437,28.627760824183426&quot;,&quot;markers&quot;:[{&quot;lat&quot;:&quot;41.03778596660437&quot;,&quot;lng&quot;:&quot;28.627760824183426&quot;,&quot;marker&quot;:{&quot;image&quot;:&quot;https:\/\/sminternational.com.tr\/wp-content\/themes\/woodmart\/images\/icons\/marker-icon.png&quot;,&quot;image_size&quot;:[25,41],&quot;marker_behavior&quot;:&quot;popup&quot;,&quot;show_button&quot;:&quot;no&quot;,&quot;marker_title&quot;:&quot;SM International&quot;}}]}\"><\/div><\/div>\n\n\n\n<div id=\"wd-88b2ed3a\" class=\"wp-block-wd-row\">\n<div id=\"wd-00643248\" class=\"wp-block-wd-column color-scheme-light\">\n<h2 id=\"wd-769d8504\" class=\"wp-block-wd-title title\">Adres<\/h2>\n\n\n\n<p id=\"wd-fb60afd4\" class=\"wp-block-wd-paragraph\"><a href=\"https:\/\/maps.app.goo.gl\/NuZYRrqs9VjCHSmGA\">ATAT\u00dcRK MAH. ASIYAN SK. NO: 7 | KAPI NO: 1 ESENYURT\/ ISTANBUL<\/a><\/p>\n\n\n\n<div id=\"wd-7851013d\" class=\"wp-block-wd-row\">\n<div id=\"wd-72048f8f\" class=\"wp-block-wd-column\">\n<h2 id=\"wd-d7ed796a\" class=\"wp-block-wd-title title\">Telefon<\/h2>\n\n\n\n<p id=\"wd-62b5b562\" class=\"wp-block-wd-paragraph\"><a href=\"tel:902124501267\">+90 212 450 1267<\/a><\/p>\n\n\n\n<p id=\"wd-c1bd6ff1\" class=\"wp-block-wd-paragraph\"><a href=\"tel:905332129724\">+90 533 212 97 24<\/a><\/p>\n\n\n\n<p id=\"wd-3e19ed7d\" class=\"wp-block-wd-paragraph\"><a href=\"tel:905550002456\">+90 555 000 24 56<\/a><\/p>\n<\/div>\n\n\n\n<div id=\"wd-602cd1c0\" class=\"wp-block-wd-column\">\n<h2 id=\"wd-af0a2cd3\" class=\"wp-block-wd-title title\">E-Posta<\/h2>\n\n\n\n<p id=\"wd-acec7836\" class=\"wp-block-wd-paragraph\">hakan@sminternational.com.tr<\/p>\n\n\n\n<p id=\"wd-f97b5ff3\" class=\"wp-block-wd-paragraph\"><a href=\"mailto:caglar@sminternational.com.tr\">caglar@sminternational.com.tr<\/a><\/p>\n<\/div>\n<\/div>\n<\/div>\n\n\n\n<div id=\"wd-0a2a7b27\" class=\"wp-block-wd-column\">\n<h2 id=\"wd-ef0d8b21\" class=\"wp-block-wd-title title\">Bize Ula\u015f\u0131n<\/h2>\n\n\n<div id=\"wd-8c2bced7\" class=\"\">\n<div class=\"wpcf7 no-js\" id=\"wpcf7-f13-o1\" lang=\"en-US\" dir=\"ltr\" data-wpcf7-id=\"13\">\n<div class=\"screen-reader-response\"><p role=\"status\" aria-live=\"polite\" aria-atomic=\"true\"><\/p> <ul><\/ul><\/div>\n<form action=\"\/index.php?rest_route=%2Fwp%2Fv2%2Fpages%2F66#wpcf7-f13-o1\" method=\"post\" class=\"wpcf7-form init\" aria-label=\"Contact form\" novalidate=\"novalidate\" data-status=\"init\">\n<fieldset class=\"hidden-fields-container\"><input type=\"hidden\" name=\"_wpcf7\" value=\"13\" \/><input type=\"hidden\" name=\"_wpcf7_version\" value=\"6.1.4\" \/><input type=\"hidden\" name=\"_wpcf7_locale\" value=\"en_US\" \/><input type=\"hidden\" name=\"_wpcf7_unit_tag\" value=\"wpcf7-f13-o1\" \/><input type=\"hidden\" name=\"_wpcf7_container_post\" value=\"0\" \/><input type=\"hidden\" name=\"_wpcf7_posted_data_hash\" value=\"\" \/>\n<\/fieldset>\n<div class=\"wd-grid-g\">\n\t<div class=\"wd-grid-f-stretch\">\n\t\t<div class=\"wd-col\">\n\t\t\t<p><span class=\"wpcf7-form-control-wrap\" data-name=\"your-name\"><input size=\"40\" maxlength=\"400\" class=\"wpcf7-form-control wpcf7-text wpcf7-validates-as-required\" aria-required=\"true\" aria-invalid=\"false\" placeholder=\"Ad\u0131n\u0131z Soyad\u0131n\u0131z\" value=\"\" type=\"text\" name=\"your-name\" \/><\/span>\n\t\t\t<\/p>\n\t\t<\/div>\n\t\t<div class=\"wd-col\">\n\t\t\t<p><span class=\"wpcf7-form-control-wrap\" data-name=\"your-email\"><input size=\"40\" maxlength=\"400\" class=\"wpcf7-form-control wpcf7-email wpcf7-validates-as-required wpcf7-text wpcf7-validates-as-email\" aria-required=\"true\" aria-invalid=\"false\" placeholder=\"E-Postan\u0131z\" value=\"\" type=\"email\" name=\"your-email\" \/><\/span>\n\t\t\t<\/p>\n\t\t<\/div>\n\t<\/div>\n\t<div>\n\t\t<p><span class=\"wpcf7-form-control-wrap\" data-name=\"your-message\"><input size=\"40\" maxlength=\"400\" class=\"wpcf7-form-control wpcf7-text wpcf7-validates-as-required\" aria-required=\"true\" aria-invalid=\"false\" placeholder=\"Konu\" value=\"\" type=\"text\" name=\"your-message\" \/><\/span>\n\t\t<\/p>\n\t<\/div>\n\t<div>\n\t\t<p><span class=\"wpcf7-form-control-wrap\" data-name=\"your-message\"><textarea cols=\"40\" rows=\"10\" maxlength=\"2000\" class=\"wpcf7-form-control wpcf7-textarea\" aria-invalid=\"false\" placeholder=\"Mesaj\u0131n\u0131z\" name=\"your-message\"><\/textarea><\/span>\n\t\t<\/p>\n\t<\/div>\n\t<div>\n\t\t<p><input class=\"wpcf7-form-control wpcf7-submit has-spinner\" type=\"submit\" value=\"G\u00f6nder\" \/>\n\t\t<\/p>\n\t<\/div>\n<\/div><div class=\"wpcf7-response-output\" aria-hidden=\"true\"><\/div>\n<\/form>\n<\/div>\n<\/div><\/div>\n<\/div>\n","protected":false},"excerpt":{"rendered":"","protected":false},"author":1,"featured_media":0,"parent":0,"menu_order":0,"comment_status":"closed","ping_status":"closed","template":"","meta":{"footnotes":""},"class_list":["post-66","page","type-page","status-publish","hentry"],"_links":{"self":[{"href":"https:\/\/sminternational.com.tr\/index.php?rest_route=\/wp\/v2\/pages\/66","targetHints":{"allow":["GET"]}}],"collection":[{"href":"https:\/\/sminternational.com.tr\/index.php?rest_route=\/wp\/v2\/pages"}],"about":[{"href":"https:\/\/sminternational.com.tr\/index.php?rest_route=\/wp\/v2\/types\/page"}],"author":[{"embeddable":true,"href":"https:\/\/sminternational.com.tr\/index.php?rest_route=\/wp\/v2\/users\/1"}],"replies":[{"embeddable":true,"href":"https:\/\/sminternational.com.tr\/index.php?rest_route=%2Fwp%2Fv2%2Fcomments&post=66"}],"version-history":[{"count":6,"href":"https:\/\/sminternational.com.tr\/index.php?rest_route=\/wp\/v2\/pages\/66\/revisions"}],"predecessor-version":[{"id":338,"href":"https:\/\/sminternational.com.tr\/index.php?rest_route=\/wp\/v2\/pages\/66\/revisions\/338"}],"wp:attachment":[{"href":"https:\/\/sminternational.com.tr\/index.php?rest_route=%2Fwp%2Fv2%2Fmedia&parent=66"}],"curies":[{"name":"wp","href":"https:\/\/api.w.org\/{rel}","templated":true}]}}